{"id":6,"date":"2015-11-24T09:24:27","date_gmt":"2015-11-24T09:24:27","guid":{"rendered":"http:\/\/test.foliant.com.pl\/?page_id=6"},"modified":"2023-02-15T07:26:22","modified_gmt":"2023-02-15T07:26:22","slug":"o-firmie","status":"publish","type":"page","link":"http:\/\/test.foliant.com.pl\/","title":{"rendered":"O firmie"},"content":{"rendered":"<h4>Urz\u0105dzenie FOLIANT przeznaczone do foliowania jednostronnego<\/h4>\n<p align=\"justify\">Urz\u0105dzenia FOLIANT do foliowania jednostronnego zosta\u0142y zaprojektowane w\u00a0odpowiedzi na zapotrzebowanie rynku poligraficznego na maszyn\u0119 szeroko dost\u0119pn\u0105 i\u00a0\u0142atw\u0105 w\u00a0obs\u0142udze. Dzi\u0119ki nieskomplikowanej obs\u0142udze, produkty FOLIANT pozwalaj\u0105 na redukcj\u0119 koszt\u00f3w roboczych przy jednoczesnym zachowaniu wysokiej jako\u015bci produkt\u00f3w.<\/p>\n<p align=\"justify\">Przedsi\u0119biorstwo produkcyjne FORMICA spe\u0142nia te oczekiwania, od 1999 roku rozpowszechniaj\u0105c swoje produkty na rynku graficznym. Urz\u0105dzenia nazwano powszechnie rozumianym \u0142aci\u0144skim wyra\u017ceniem zwi\u0105zanym z\u00a0drukiem \u00abFOLIANT\u00bb<\/p>\n<p align=\"justify\"><img loading=\"lazy\" class=\"alignnone size-full wp-image-7\" src=\"http:\/\/test.foliant.com.pl\/wp-content\/uploads\/2015\/11\/ofirmie01.jpg\" alt=\"ofirmie01\" width=\"644\" height=\"181\" srcset=\"http:\/\/test.foliant.com.pl\/wp-content\/uploads\/2015\/11\/ofirmie01.jpg 644w, http:\/\/test.foliant.com.pl\/wp-content\/uploads\/2015\/11\/ofirmie01-300x84.jpg 300w\" sizes=\"(max-width: 644px) 100vw, 644px\" \/><\/p>\n<p align=\"justify\">Wsp\u00f3\u0142czesne foliarki i\u00a0akcesoria FOLIANT opracowane zosta\u0142y na podstawie prowadzonych przez firm\u0119 bada\u0144 rozwojowych, d\u0142ugoterminowych test\u00f3w oraz wiedzy praktycznej nabytej dzi\u0119ki wsp\u00f3\u0142pracy z\u00a0u\u017cytkownikami. Maszyny zosta\u0142y zbadane pod k\u0105tem bezpiecze\u0144stwa, s\u0105 tak\u017ce ci\u0105gle kontrolowane przez pracownik\u00f3w uznanego laboratorium badawczego TUV. Parametry maszyn spe\u0142niaj\u0105 wymogi oznaczenia CE.<\/p>\n<hr \/>\n<p align=\"justify\">\n<h4>Foliarki FOLIANT \u2013 rozwi\u0105zania w zakresie foliowania dla ma\u0142ych i\u00a0\u015brednich zak\u0142ad\u00f3w drukarskich, foliowanie na potrzeby indywidualnych klient\u00f3w, foliowanie przemys\u0142owe<\/h4>\n<p align=\"justify\">Og\u00f3lno\u015bwiatowa tendencja do redukcji czasu realizacji zam\u00f3wie\u0144 (druk na indywidualne zam\u00f3wienia), w\u00a0po\u0142\u0105czeniu z\u00a0d\u0105\u017ceniem zak\u0142ad\u00f3w graficznych do samowystarczalno\u015bci, przyczyni\u0142y si\u0119 do wzrostu ilo\u015bci drukar\u0144 zapewniaj\u0105cych pe\u0142n\u0105 obs\u0142ug\u0119 bez konieczno\u015bci korzystania z\u00a0podwykonawc\u00f3w. Foliarki FOLIANT zosta\u0142y zaprojektowane z\u00a0my\u015bl\u0105 o\u00a0spe\u0142nieniu wymaga\u0144 zak\u0142ad\u00f3w drukarskich \u015bwiadcz\u0105cych kompleksowe us\u0142ugi. Maszyny FOLIANT ca\u0142kowicie zaspokajaj\u0105 potrzeby ma\u0142ych i\u00a0\u015brednich zak\u0142ad\u00f3w drukarskich w\u00a0zakresie jednostronnego foliowania, pocz\u0105wszy od kr\u00f3tkich serii, po partie licz\u0105ce dziesi\u0105tki tysi\u0119cy egzemplarzy. Maszyny idealnie nadaj\u0105 si\u0119 do foliowania; drukowanych offsetowo lub cyfrowo obwolut ksi\u0105\u017cek, ok\u0142adek broszur i\u00a0czasopism, kartonowych pude\u0142ek przed przyci\u0119ciem (w\u0142\u0105cznie z\u00a0okienkami), kartek pocztowych itp.<\/p>\n<hr \/>\n<p align=\"justify\">\n<h4>Papier do foliowania, folie laminuj\u0105ce i\u00a0pozosta\u0142e metody przetwarzania arkuszy<\/h4>\n<p align=\"justify\">Wszystkie maszyny przystosowane s\u0105 do jednostronnego foliowania arkuszy (drukowanych cyfrowo, offsetowo itp.) o gramaturze od\u00a0115 do\u00a0350\u00a0g\/m2 (FOLIANT 720HP: 135 \u2013 350 g\/22) lub kartonu, przy u\u017cyciu powszechnie dost\u0119pnej folii polipropylenowej o\u00a0grubo\u015bci od\u00a024 do\u00a031 mikron\u00f3w. Stosowana folia jest materia\u0142em wykorzystywanym przez w\u00a0pe\u0142ni zautomatyzowane zak\u0142ady foliuj\u0105ce na ca\u0142ym \u015bwiecie. W\u00a0por\u00f3wnaniu z\u00a0innymi wysokowydajnymi maszynami, FOLIANT oferuje tak\u0105 sam\u0105 jako\u015b\u0107 przy znacznie ni\u017cszych kosztach.<\/p>\n<p align=\"justify\">Folia polipropylenowa (BOPP) nak\u0142adana jest w temperaturze ok 100\u00b0C. Wysoka jako\u015b\u0107 laminat\u00f3w uzyskiwana jest dzi\u0119ki wa\u0142kom foliuj\u0105cym o\u00a0precyzyjnej kontroli temperatury i\u00a0docisku. Docisk uzyskiwany jest za pomoc\u0105 spr\u0119\u017cyn (FOLIANT 400T, FOLIANT 400S, FOLIANT 400A, FOLIANT 520T, FOLIANT 520HP oraz FOLIANT 720HP) lub w wyniku dzia\u0142ania systemu hydraulicznego (wszystkie modele FOLIANT Gemini oraz Gulliver) oraz pneumatycznego (foliarki przemys\u0142owe FOLIANT Castor 520 oraz FOLIANT Pollux 720).<\/p>\n<p align=\"justify\">Foliarki wyposa\u017cone s\u0105 w\u00a0regulowany uk\u0142ad zapobiegaj\u0105cy zwijaniu, dzi\u0119ki czemu po foliowaniu arkusze pozostaj\u0105 ca\u0142kowicie p\u0142askie.<\/p>\n<p align=\"justify\">Arkusze bezpo\u015brednio po foliowaniu s\u0105 gotowe do dalszego przetwarzania. W\u00a0procesie foliowania foli\u0105 pokrywana jest tylko jedna kraw\u0119d\u017a arkusza (trzy pozosta\u0142e pozostaj\u0105 nienaruszone). Jest to szczeg\u00f3lnie istotne w\u00a0trakcie utrz\u0105sania i\u00a0pobierania arkuszy przed ci\u0119ciem i\u00a0wyr\u00f3wnywaniem kraw\u0119dzi na gilotynie.<\/p>\n<p align=\"justify\">Wszystkie foliarki, w\u00a0celu zapewnienia optymalnej wydajno\u015bci, wyposa\u017cone s\u0105 w\u00a0uk\u0142ad ci\u0105g\u0142ego sterowania temperatur\u0105, urz\u0105dzenie pomiarowe z\u00a0wy\u015bwietlaczem cyfrowym oraz system regulacji pr\u0119dko\u015bci. Procesor steruj\u0105cy umo\u017cliwia tak\u017ce rejestrowanie ca\u0142kowitej ilo\u015bci zu\u017cytej folii oraz ilo\u015bci zafoliowanych arkuszy, pozwala r\u00f3wnie\u017c na automatyczn\u0105 kontrol\u0119 pr\u0119dko\u015bci oraz temperatury. Umo\u017cliwia tak\u017ce prze\u0142\u0105czenie do trybu oczekiwania, w\u00a0trakcie kt\u00f3rego maszyna pozostaje bezczynna. W\u00a0pe\u0142ni zautomatyzowanej linii, obejmuj\u0105cej podajnik, foliarka i\u00a0separator, przebieg wszystkich proces\u00f3w monitorowany jest za pomoc\u0105 czujnik\u00f3w, kt\u00f3re po wykryciu nieprawid\u0142owo\u015bci automatycznie zatrzymuj\u0105 lini\u0119.<\/p>\n<p align=\"justify\">Standardowe modele wyposa\u017cone s\u0105 w\u00a0uk\u0142ad pozwalaj\u0105cy na szybkie i\u00a0\u0142atwe przycinanie folii laminuj\u0105cej do szeroko\u015bci odpowiadaj\u0105cej rzeczywistym wymiarom foliowanych arkuszy np. przez przycinanie brzeg\u00f3w folii zgodnie z\u00a0potrzebami foliowania.<\/p>\n<hr \/>\n<p align=\"justify\">\n<h4 align=\"justify\">Certyfikat zgodno\u015bci z\u00a0produktami XEROX<\/h4>\n<p align=\"justify\">Linia do foliowania FOLIANT zosta\u0142a przetestowana przez firm\u0119 XEROX. Wyniki test\u00f3w pozwoli\u0142y uzna\u0107 maszyny FOLIANT za kompatybilne z\u00a0seri\u0105 urz\u0105dze\u0144 XEROX DocuColor 2000 oraz DC12, DC40. Produkty zosta\u0142y zaaprobowane i\u00a0zaakceptowane jako grupa autonomicznych rozwi\u0105za\u0144. Rodzina urz\u0105dze\u0144 FOLIANT uzyska\u0142a tak\u017ce atest zgodno\u015bci z\u00a0maszyn\u0105 cyfrow\u0105 XEROX iGen3. Certyfikat zgodno\u015bci z\u00a0produktami XEROX jest dost\u0119pny na \u017c\u0105danie klient\u00f3w.<\/p>\n","protected":false},"excerpt":{"rendered":"<p>Urz\u0105dzenie FOLIANT przeznaczone do foliowania jednostronnego Urz\u0105dzenia FOLIANT do foliowania jednostronnego zosta\u0142y zaprojektowane w\u00a0odpowiedzi na zapotrzebowanie rynku poligraficznego na maszyn\u0119 szeroko dost\u0119pn\u0105 i\u00a0\u0142atw\u0105 w\u00a0obs\u0142udze. Dzi\u0119ki nieskomplikowanej obs\u0142udze, produkty FOLIANT pozwalaj\u0105 na redukcj\u0119 koszt\u00f3w roboczych przy jednoczesnym zachowaniu wysokiej jako\u015bci produkt\u00f3w. &hellip; <a href=\"http:\/\/test.foliant.com.pl\/\">Continued<\/a><\/p>\n","protected":false},"author":1,"featured_media":0,"parent":0,"menu_order":0,"comment_status":"closed","ping_status":"closed","template":"","meta":[],"_links":{"self":[{"href":"http:\/\/test.foliant.com.pl\/index.php?rest_route=\/wp\/v2\/pages\/6"}],"collection":[{"href":"http:\/\/test.foliant.com.pl\/index.php?rest_route=\/wp\/v2\/pages"}],"about":[{"href":"http:\/\/test.foliant.com.pl\/index.php?rest_route=\/wp\/v2\/types\/page"}],"author":[{"embeddable":true,"href":"http:\/\/test.foliant.com.pl\/index.php?rest_route=\/wp\/v2\/users\/1"}],"replies":[{"embeddable":true,"href":"http:\/\/test.foliant.com.pl\/index.php?rest_route=%2Fwp%2Fv2%2Fcomments&post=6"}],"version-history":[{"count":2,"href":"http:\/\/test.foliant.com.pl\/index.php?rest_route=\/wp\/v2\/pages\/6\/revisions"}],"predecessor-version":[{"id":9,"href":"http:\/\/test.foliant.com.pl\/index.php?rest_route=\/wp\/v2\/pages\/6\/revisions\/9"}],"wp:attachment":[{"href":"http:\/\/test.foliant.com.pl\/index.php?rest_route=%2Fwp%2Fv2%2Fmedia&parent=6"}],"curies":[{"name":"wp","href":"https:\/\/api.w.org\/{rel}","templated":true}]}}