{"id":23,"date":"2015-11-24T09:54:43","date_gmt":"2015-11-24T09:54:43","guid":{"rendered":"http:\/\/test.foliant.com.pl\/?page_id=23"},"modified":"2023-02-15T07:26:05","modified_gmt":"2023-02-15T07:26:05","slug":"foliant-400t","status":"publish","type":"page","link":"http:\/\/test.foliant.com.pl\/?page_id=23","title":{"rendered":"Foliant 400t"},"content":{"rendered":"<p>Przedstawiamy Pa\u0144stwu maszyn\u0119 do foliowania FOLIANT 400T, wyposa\u017con\u0105 w\u00a0r\u0119czne podawanie i\u00a0separowanie foliowanych arkuszy. Podawanie arkuszy odbywa si\u0119 za pomoc\u0105 sto\u0142u podaj\u0105cego, z\u00a0pasowym przenoszeniem. Separacja oparta na perforacji folii pozwala na \u0142atw\u0105 obs\u0142ug\u0119 maszyny. W\u00a0przypadku standardowych zlece\u0144 pozwala to na uzyskanie maksymalnej wydajno\u015bci wynosz\u0105cej nawet 840 arkuszy formatu B3 na godzin\u0119. Maszyna FOLIANT 400T mo\u017ce by\u0107 dodatkowo wyposa\u017cona w\u00a0st\u00f3\u0142 modu\u0142owy MS400. Minimalna powierzchnia zajmowana przez maszyn\u0119 to 74\u00a0x\u00a0117\u00a0cm.<\/p>\n<div id=\"kad-wp-gallery18\" class=\"kad-wp-gallery kad-light-wp-gallery clearfix kt-gallery-column-3 rowtight\"><div class=\"tcol-lg-4 tcol-md-4 tcol-sm-4 tcol-xs-6 tcol-ss-12 g_item\"><div class=\"grid_item kad_gallery_fade_in gallery_item\"><a href=\"http:\/\/test.foliant.com.pl\/wp-content\/uploads\/2015\/11\/F-400T.jpeg\" data-rel=\"lightbox\" class=\"lightboxhover\"><img src=\"http:\/\/test.foliant.com.pl\/wp-content\/uploads\/2015\/11\/F-400T-400x400.jpeg\" width=\"400\" height=\"400\" alt=\"FOLIANT 400T \" srcset=\"http:\/\/test.foliant.com.pl\/wp-content\/uploads\/2015\/11\/F-400T-400x400.jpeg 400w, http:\/\/test.foliant.com.pl\/wp-content\/uploads\/2015\/11\/F-400T-150x150.jpeg 150w\" sizes=\"(max-width: 400px) 100vw, 400px\" class=\"light-dropshaddow\"\/><\/a><\/div><\/div><div class=\"tcol-lg-4 tcol-md-4 tcol-sm-4 tcol-xs-6 tcol-ss-12 g_item\"><div class=\"grid_item kad_gallery_fade_in gallery_item\"><a href=\"http:\/\/test.foliant.com.pl\/wp-content\/uploads\/2015\/11\/Jogger-400.jpeg\" data-rel=\"lightbox\" class=\"lightboxhover\"><img src=\"http:\/\/test.foliant.com.pl\/wp-content\/uploads\/2015\/11\/Jogger-400-400x400.jpeg\" width=\"400\" height=\"400\" alt=\"Utrz\u0105sarka Jogger 400 - opcja\" srcset=\"http:\/\/test.foliant.com.pl\/wp-content\/uploads\/2015\/11\/Jogger-400-400x400.jpeg 400w, http:\/\/test.foliant.com.pl\/wp-content\/uploads\/2015\/11\/Jogger-400-150x150.jpeg 150w, http:\/\/test.foliant.com.pl\/wp-content\/uploads\/2015\/11\/Jogger-400-300x300.jpeg 300w, http:\/\/test.foliant.com.pl\/wp-content\/uploads\/2015\/11\/Jogger-400.jpeg 600w\" sizes=\"(max-width: 400px) 100vw, 400px\" class=\"light-dropshaddow\"\/><\/a><\/div><\/div><div class=\"tcol-lg-4 tcol-md-4 tcol-sm-4 tcol-xs-6 tcol-ss-12 g_item\"><div class=\"grid_item kad_gallery_fade_in gallery_item\"><a href=\"http:\/\/test.foliant.com.pl\/wp-content\/uploads\/2015\/11\/RU400.jpeg\" data-rel=\"lightbox\" class=\"lightboxhover\"><img src=\"http:\/\/test.foliant.com.pl\/wp-content\/uploads\/2015\/11\/RU400-400x400.jpeg\" width=\"400\" height=\"400\" alt=\"Zasobnik RU400 - opcja\" srcset=\"http:\/\/test.foliant.com.pl\/wp-content\/uploads\/2015\/11\/RU400-400x400.jpeg 400w, http:\/\/test.foliant.com.pl\/wp-content\/uploads\/2015\/11\/RU400-150x150.jpeg 150w, http:\/\/test.foliant.com.pl\/wp-content\/uploads\/2015\/11\/RU400-300x300.jpeg 300w, http:\/\/test.foliant.com.pl\/wp-content\/uploads\/2015\/11\/RU400.jpeg 600w\" sizes=\"(max-width: 400px) 100vw, 400px\" class=\"light-dropshaddow\"\/><\/a><\/div><\/div><\/div>\n<h4>Parametry:<\/h4>\n<p><table id=\"table_12596077\" width=\"100%\" class=\"stripe\"><thead><tr><th>FOLIANT - seria 400<\/th><th>FOLIANT 400T<\/th><th>FOLIANT 400S<\/th><th>FOLIANT 400A<\/th><\/tr>\r\n    <\/thead>\r\n    <tbody>\r\n\t\r\n\t<script type=\"text\/javascript\" charset=\"utf-8\">\r\n jQuery(document).ready(function() {\r\n    jQuery('#table_12596077').DataTable( {\"destroy\": true,\"bPaginate\": false,\"bLengthChange\": false,\"bFilter\": false,\"bSort\": false,\"bInfo\": false,\"bStateSave\": true,\"bAutoWidth\": true,\"sPaginationType\": \"full_numbers\",\"oLanguage\": {\r\n\t\t\t\"sLengthMenu\": \"Display _MENU_ records per page\",\r\n\t\t\t\"sZeroRecords\": \"Nothing found - sorry\",\r\n\t\t\t\"sInfo\": \"Showing _START_ to _END_ of _TOTAL_ records\",\r\n\t\t\t\"sInfoEmpty\": \"Showing 0 to 0 of 0 records\",\r\n                        \"sSearch\": \"Search: \",\r\n\t\t\t\"sInfoFiltered\": \"(filtered from _MAX_ total records)\"\r\n\t\t}} );\r\n});\r\n <\/script><tr><td>Nak\u0142adanie<\/td><td>r\u0119czne<\/td><td>r\u0119czne<\/td><td>automatyczne<\/td><\/tr><tr><td>Separowanie <\/td><td>r\u0119czne<\/td><td>automatyczne<\/td><td>automatyczne<\/td><\/tr><tr><td>Gramatura papieru (g\/m2) <\/td><td> 115-350<\/td><td> 115-350<\/td><td> 115-350<\/td><\/tr><tr><td>Wysoko\u015b\u0107 stosu <\/td><td>X<\/td><td>X<\/td><td>15 cm<\/td><\/tr><tr><td>Powierzchnia wa\u0142ka foliuj\u0105cego <\/td><td>chromowana<\/td><td>chromowana<\/td><td>silikonowa<\/td><\/tr><tr><td>Docisk wa\u0142k\u00f3w<\/td><td>spr\u0119\u017cyna zwojowa<\/td><td>spr\u0119\u017cyna zwojowa<\/td><td>spr\u0119\u017cyna zwojowa<\/td><\/tr><tr><td>Dostosowany do formatu<\/td><td>B3<\/td><td>B3<\/td><td>B3<\/td><\/tr><tr><td>Maks. szeroko\u015b\u0107 papieru [cm]<\/td><td>38<\/td><td>38<\/td><td>38<\/td><\/tr><tr><td>Regulacja szybko\u015bci roboczej [m\/min]<\/td><td>0-7<\/td><td>0-7<\/td><td>0-12<\/td><\/tr><tr><td>Maks. wydajno\u015b\u0107\/godz.*<\/td><td>850 B3<\/td><td>850 B3<\/td><td>1400 B3<\/td><\/tr><tr><td>Regulacja temperatury \u00b0C<\/td><td>80 - 135<\/td><td>80 - 135<\/td><td>80 - 110<\/td><\/tr><tr><td>Zasilanie [V]<\/td><td>220 - 240<\/td><td>220 - 240<\/td><td>220 - 240<\/td><\/tr><tr><td>Pobierana moc [W]<\/td><td>950<\/td><td>1265<\/td><td>1500<\/td><\/tr><tr><td>Zajmowana powierzchnia (szer. x d\u0142.) [cm]<\/td><td>74 x 117<\/td><td> 74 x 220<\/td><td> 74 x 280<\/td><\/tr><tr><td>Waga [kg]<\/td><td>75<\/td><td>120<\/td><td>180<\/td><\/tr><tr><td>Min. format arkusza (szer. x d\u0142.) [cm]<\/td><td>32 x 25<\/td><td>32 x 25<\/td><td>32 x 25<\/td><\/tr><tr><td>Maks. format arkusza [cm]<\/td><td>38 x 58<\/td><td>38 x 58<\/td><td>38 x 58<\/td><\/tr><tr><td>St\u00f3\u0142 modu\u0142owy<\/td><td>opcja<\/td><td>standard<\/td><td>standard<\/td><\/tr><tr><td>Zasobnik<\/td><td>X<\/td><td>standard<\/td><td>standard<\/td><\/tr>\r\n    <\/tbody>\r\n<\/table><\/p>\n","protected":false},"excerpt":{"rendered":"<p>Przedstawiamy Pa\u0144stwu maszyn\u0119 do foliowania FOLIANT 400T, wyposa\u017con\u0105 w\u00a0r\u0119czne podawanie i\u00a0separowanie foliowanych arkuszy. Podawanie arkuszy odbywa si\u0119 za pomoc\u0105 sto\u0142u podaj\u0105cego, z\u00a0pasowym przenoszeniem. Separacja oparta na perforacji folii pozwala na \u0142atw\u0105 obs\u0142ug\u0119 maszyny. W\u00a0przypadku standardowych zlece\u0144 pozwala to na uzyskanie &hellip; <a href=\"http:\/\/test.foliant.com.pl\/?page_id=23\">Continued<\/a><\/p>\n","protected":false},"author":1,"featured_media":17,"parent":0,"menu_order":0,"comment_status":"closed","ping_status":"closed","template":"","meta":[],"_links":{"self":[{"href":"http:\/\/test.foliant.com.pl\/index.php?rest_route=\/wp\/v2\/pages\/23"}],"collection":[{"href":"http:\/\/test.foliant.com.pl\/index.php?rest_route=\/wp\/v2\/pages"}],"about":[{"href":"http:\/\/test.foliant.com.pl\/index.php?rest_route=\/wp\/v2\/types\/page"}],"author":[{"embeddable":true,"href":"http:\/\/test.foliant.com.pl\/index.php?rest_route=\/wp\/v2\/users\/1"}],"replies":[{"embeddable":true,"href":"http:\/\/test.foliant.com.pl\/index.php?rest_route=%2Fwp%2Fv2%2Fcomments&post=23"}],"version-history":[{"count":2,"href":"http:\/\/test.foliant.com.pl\/index.php?rest_route=\/wp\/v2\/pages\/23\/revisions"}],"predecessor-version":[{"id":34,"href":"http:\/\/test.foliant.com.pl\/index.php?rest_route=\/wp\/v2\/pages\/23\/revisions\/34"}],"wp:featuredmedia":[{"embeddable":true,"href":"http:\/\/test.foliant.com.pl\/index.php?rest_route=\/wp\/v2\/media\/17"}],"wp:attachment":[{"href":"http:\/\/test.foliant.com.pl\/index.php?rest_route=%2Fwp%2Fv2%2Fmedia&parent=23"}],"curies":[{"name":"wp","href":"https:\/\/api.w.org\/{rel}","templated":true}]}}